{"id":154,"date":"2017-03-06T15:19:29","date_gmt":"2017-03-06T15:19:29","guid":{"rendered":"http:\/\/wushu-awf.at\/?page_id=154"},"modified":"2017-07-28T13:13:01","modified_gmt":"2017-07-28T13:13:01","slug":"summercamp2017","status":"publish","type":"page","link":"https:\/\/wushu-awf.at\/index.php\/summercamp2017\/","title":{"rendered":"Summercamp 2017"},"content":{"rendered":"<p><img loading=\"lazy\" decoding=\"async\" class=\"alignnone size-medium wp-image-127\" src=\"http:\/\/wushu-awf.at\/wp-content\/uploads\/2017\/03\/Screen-Shot-2017-03-02-at-10.52.53-215x300.png\" alt=\"\" width=\"215\" height=\"300\" srcset=\"https:\/\/wushu-awf.at\/wp-content\/uploads\/2017\/03\/Screen-Shot-2017-03-02-at-10.52.53-215x300.png 215w, https:\/\/wushu-awf.at\/wp-content\/uploads\/2017\/03\/Screen-Shot-2017-03-02-at-10.52.53.png 530w\" sizes=\"auto, (max-width: 215px) 100vw, 215px\" \/>\u00a0\u00a0<img loading=\"lazy\" decoding=\"async\" class=\"alignnone size-medium wp-image-121\" src=\"http:\/\/wushu-awf.at\/wp-content\/uploads\/2017\/03\/pzws_o_wushu-271x300.jpg\" alt=\"\" width=\"271\" height=\"300\" srcset=\"https:\/\/wushu-awf.at\/wp-content\/uploads\/2017\/03\/pzws_o_wushu-271x300.jpg 271w, https:\/\/wushu-awf.at\/wp-content\/uploads\/2017\/03\/pzws_o_wushu.jpg 427w\" sizes=\"auto, (max-width: 271px) 100vw, 271px\" \/><\/p>\n<p>Facebook Event:\u00a0<a href=\"https:\/\/www.facebook.com\/events\/808015279351937\">https:\/\/www.facebook.com\/events\/808015279351937<\/a><\/p>\n<p>Trainingsprogramm:<\/p>\n<p><img loading=\"lazy\" decoding=\"async\" class=\"alignnone size-large wp-image-210\" src=\"http:\/\/wushu-awf.at\/wp-content\/uploads\/2017\/03\/Camp2017Program2-1024x585.png\" alt=\"\" width=\"525\" height=\"300\" srcset=\"https:\/\/wushu-awf.at\/wp-content\/uploads\/2017\/03\/Camp2017Program2-1024x585.png 1024w, https:\/\/wushu-awf.at\/wp-content\/uploads\/2017\/03\/Camp2017Program2-300x172.png 300w, https:\/\/wushu-awf.at\/wp-content\/uploads\/2017\/03\/Camp2017Program2-768x439.png 768w, https:\/\/wushu-awf.at\/wp-content\/uploads\/2017\/03\/Camp2017Program2.png 1819w\" sizes=\"auto, (max-width: 525px) 100vw, 525px\" \/><\/p>\n<p>Kinderprogramm:<\/p>\n<p><img loading=\"lazy\" decoding=\"async\" class=\"alignnone wp-image-209 size-large\" src=\"http:\/\/wushu-awf.at\/wp-content\/uploads\/2017\/03\/Camp2017Program-1024x620.png\" alt=\"\" width=\"525\" height=\"318\" srcset=\"https:\/\/wushu-awf.at\/wp-content\/uploads\/2017\/03\/Camp2017Program-1024x620.png 1024w, https:\/\/wushu-awf.at\/wp-content\/uploads\/2017\/03\/Camp2017Program-300x182.png 300w, https:\/\/wushu-awf.at\/wp-content\/uploads\/2017\/03\/Camp2017Program-768x465.png 768w, https:\/\/wushu-awf.at\/wp-content\/uploads\/2017\/03\/Camp2017Program.png 1815w\" sizes=\"auto, (max-width: 525px) 100vw, 525px\" \/><\/p>\n<h1><strong>Deutsch:<\/strong><\/h1>\n<p>Gerne m\u00f6chten wir mitteilen, dass wir 2 chinesische Lehrer nach \u00d6sterreich einladen f\u00fcr ein Sommerlager die unterrich<span class=\"text_exposed_show\">t in Taji, Chang Quan (1. und 3. IWUF Form), Xing Yi, Ba gua geben werden.<\/span><\/p>\n<p><span class=\"text_exposed_show\">Wir werden zus\u00e4tzlich noch ein Kinderprogramm anbieten.\u00a0<\/span><\/p>\n<p>Information von der Unterkunft bezueglich dem Essen: Wir kochen vegetarisch, Vegan, Lactose frei und s\u00e4mtliche Essen auf Wunsch allergiefrei.<br \/>\nBei Vegan muessen wir nur wissen wie vegan, denn es gibt Veganer die essen auch keinen Honig mehr. ( wir s\u00fc\u00dfen aber mit Honig) Oder ist der Veganer nur keine Milch, Eier\u2026<br \/>\nFuer Normal-Esser: das Rind-Schweinefleisch haben wir vom eigenen Bauernhof. Mein Mann schlachtet selber und so gibt es sehr hohe gesunde Qualit\u00e4t. Auch kochen wir keine Fertigprodukte sondern verwenden nur frische Zutaten.<\/p>\n<p><strong>Datum:<\/strong> 6. August &#8211; 13. August 2017<\/p>\n<p><strong>Ort:\u00a0<\/strong>Jugend- und Familieng\u00e4stehaus Mauser-M\u00fchltaler Markt 86, 5570 Mauterndorf, Austria (<a href=\"http:\/\/www.mauser.cc\">www.mauser.cc<\/a>)<\/p>\n<p><strong>Anmeldung: <\/strong>bis 23. M\u00e4rz 2017 per E-Mail oder Fax &#8211; <a href=\"http:\/\/wushu-awf.at\/wp-content\/uploads\/2017\/03\/Wushu_Sommerlager_2017.pdf\" target=\"_blank\">Anmeldeformular herunterladen<\/a>\u00a0&#8211; Anmeldungen danach werden nat\u00fcrlich auch angenommen, nur die Unterkunft kann nicht garantiert werden.<\/p>\n<p><strong>Unterkunft<\/strong><br \/>\n<strong>Unterkunft f\u00fcr Jugendliche ab 15 und Erwachsene:<\/strong><br \/>\nVollpension: ab 200\u20ac | Halbpension: ab 175\u20ac<br \/>\n<strong>Unterkunft f\u00fcr Kinder \u00fcber 5J:<\/strong><br \/>\nVollpension ab 180\u20ac | Halbpension: ab 155\u20ac<br \/>\nOrtstaxe ab Jahrgang 2002 und \u00e4lter: 1.10\u20ac<br \/>\n(Unterkunft kann auch selber organisiert werden)<\/p>\n<p><em>genauere Preisauflistung im Anmeldeformular<\/em><\/p>\n<style type=\"text\/css\">\n\t<!-- @page { margin: 0.79in } P { margin-bottom: 0.08in } --><br \/>\t<\/style>\n<p><strong>Kurspreis f\u00fcr die ganze Woche<\/strong><br \/>\n100\u20ac &#8211; f\u00fcr einen Kurs (Sch\u00fcler von Nichtverbandsmitgliedern 150\u20ac)<br \/>\n150\u20ac &#8211; f\u00fcr alle Kurse (Sch\u00fcler von Nichtverbandsmitgliedern 220\u20ac)<br \/>\n100\u20ac &#8211; Kinderprogramm ab 5J &#8211; weitere Geschwister +50\u20ac<\/p>\n<p><strong>Duan Pr\u00fcfung (Duan Formular + Sportpass + Foto mitzubringen)<\/strong><br \/>\n1. Duan: 60\u20ac<br \/>\n2. Duan: 90\u20ac<br \/>\n3. Duan: 130\u20ac<\/p>\n<p>Prof Meng Tao\u00a0<a href=\"http:\/\/wushu-awf.at\/index.php\/professor-meng-tao\/\" target=\"_blank\" rel=\"nofollow nofollow\">http:\/\/wushu-awf.at\/<wbr \/>index.php\/<wbr \/>professor-meng-tao\/<\/a><br \/>\nXi Jing He\u00a0<a href=\"http:\/\/wushu-awf.at\/index.php\/he-xijing\/\" target=\"_blank\" rel=\"nofollow nofollow\">http:\/\/wushu-awf.at\/<wbr \/>index.php\/he-xijing\/<\/a><\/p>\n<h1><strong>English:<\/strong><\/h1>\n<p>We like to announce that we invite 2 great chinese Teachers for a Summercamp in Austria who will teach Taiji, Chang Quan (1st and 3rd IWUF set), Xing Yi, Ba Gua. We will also provide a Kids program with training and fun.<\/p>\n<p><strong>Date: <\/strong>6th of August &#8211; 13th of August 2017<\/p>\n<p><strong>Location:\u00a0<\/strong>Jugend- und Familieng\u00e4stehaus Mauser-M\u00fchltaler Markt 86, 5570 Mauterndorf, Austria (<a href=\"http:\/\/www.mauser.cc\">www.mauser.cc<\/a>)<\/p>\n<p><strong>Application:<\/strong> until 23th of March 2017 via E-Mail or Fax &#8211; <a href=\"http:\/\/wushu-awf.at\/wp-content\/uploads\/2017\/03\/Wushu_Summercamp_2017.pdf\" target=\"_blank\">Download Applicationform<\/a>\u00a0&#8211; Applications after deadline are also accepted, but booking of accommodation cannot be guaranteed<\/p>\n<p><strong>Pricing:<\/strong> (not obligatory to stay in our suggested accommodation)<br \/>\n<span data-offset-key=\"6jbne-0-0\">accommodation for 15Y or above:<\/span><br \/>\nfull board: starting from 200\u20ac | half board: starting from 175\u20ac<br \/>\naccommodation for Kids 5Y+:<br \/>\nfull board: starting from 180\u20ac | half board: starting from 155\u20ac<br \/>\nlocal tax &gt;2002 born: 1.10\u20ac<\/p>\n<p><em>please find the price list in the application form<\/em><\/p>\n<p><strong>Course<\/strong><br \/>\n100\u20ac &#8211; 1 Wushu program per day (for non IWUF Members 150\u20ac)<br \/>\n150\u20ac &#8211; all Wushu programs a day (for non IWUF Members 220\u20ac)<br \/>\n100\u20ac &#8211; Kids Program &gt;5Y &#8211; +50\u20ac per additional sibling<\/p>\n<p><strong>Duan Examination<\/strong><br \/>\n1st Duan: 60\u20ac<br \/>\n2nd Duan: 90\u20ac<br \/>\n3rd Duan: 130\u20ac<br \/>\nFor non Austrians: Please send us a confirmation of your national\u00a0wushu\u00a0federation<\/p>\n<p>Prof Meng Tao\u00a0<a href=\"http:\/\/wushu-awf.at\/index.php\/professor-meng-tao\/\" target=\"_blank\" rel=\"nofollow nofollow\">http:\/\/wushu-awf.at\/<wbr \/>index.php\/<wbr \/>professor-meng-tao\/<\/a><br \/>\nXi Jing He\u00a0<a href=\"http:\/\/wushu-awf.at\/index.php\/he-xijing\/\" target=\"_blank\" rel=\"nofollow nofollow\">http:\/\/wushu-awf.at\/<wbr \/>index.php\/he-xijing\/<\/a><\/p>\n","protected":false},"excerpt":{"rendered":"<p>\u00a0\u00a0 Facebook Event:\u00a0https:\/\/www.facebook.com\/events\/808015279351937 Trainingsprogramm: Kinderprogramm: Deutsch: Gerne m\u00f6chten wir mitteilen, dass wir 2 chinesische Lehrer nach \u00d6sterreich einladen f\u00fcr ein Sommerlager die unterricht in Taji, Chang Quan (1. und 3. IWUF Form), Xing Yi, Ba gua geben werden. Wir werden zus\u00e4tzlich noch ein Kinderprogramm anbieten.\u00a0 Information von der Unterkunft bezueglich dem Essen: Wir kochen vegetarisch, &hellip; <\/p>\n<p class=\"link-more\"><a href=\"https:\/\/wushu-awf.at\/index.php\/summercamp2017\/\" class=\"more-link\">Continue reading<span class=\"screen-reader-text\"> &#8220;Summercamp 2017&#8221;<\/span><\/a><\/p>\n","protected":false},"author":1,"featured_media":0,"parent":0,"menu_order":0,"comment_status":"closed","ping_status":"closed","template":"","meta":{"footnotes":""},"class_list":["post-154","page","type-page","status-publish","hentry"],"_links":{"self":[{"href":"https:\/\/wushu-awf.at\/index.php\/wp-json\/wp\/v2\/pages\/154","targetHints":{"allow":["GET"]}}],"collection":[{"href":"https:\/\/wushu-awf.at\/index.php\/wp-json\/wp\/v2\/pages"}],"about":[{"href":"https:\/\/wushu-awf.at\/index.php\/wp-json\/wp\/v2\/types\/page"}],"author":[{"embeddable":true,"href":"https:\/\/wushu-awf.at\/index.php\/wp-json\/wp\/v2\/users\/1"}],"replies":[{"embeddable":true,"href":"https:\/\/wushu-awf.at\/index.php\/wp-json\/wp\/v2\/comments?post=154"}],"version-history":[{"count":20,"href":"https:\/\/wushu-awf.at\/index.php\/wp-json\/wp\/v2\/pages\/154\/revisions"}],"predecessor-version":[{"id":211,"href":"https:\/\/wushu-awf.at\/index.php\/wp-json\/wp\/v2\/pages\/154\/revisions\/211"}],"wp:attachment":[{"href":"https:\/\/wushu-awf.at\/index.php\/wp-json\/wp\/v2\/media?parent=154"}],"curies":[{"name":"wp","href":"https:\/\/api.w.org\/{rel}","templated":true}]}}