{"id":12,"date":"2017-01-10T00:46:01","date_gmt":"2017-01-10T00:46:01","guid":{"rendered":"http:\/\/192.168.0.1\/wushu-awf\/?page_id=12"},"modified":"2026-04-23T11:03:33","modified_gmt":"2026-04-23T11:03:33","slug":"kooperationen","status":"publish","type":"page","link":"https:\/\/wushu-awf.at\/index.php\/kooperationen\/","title":{"rendered":"Kooperationen"},"content":{"rendered":"<h1>Konfuzius Institut an der Universit\u00e4t Wien<img loading=\"lazy\" decoding=\"async\" class=\"alignnone size-medium wp-image-168\" src=\"http:\/\/wushu-awf.at\/wp-content\/uploads\/2017\/01\/header_left-300x78.png\" alt=\"\" width=\"300\" height=\"78\" srcset=\"https:\/\/wushu-awf.at\/wp-content\/uploads\/2017\/01\/header_left-300x78.png 300w, https:\/\/wushu-awf.at\/wp-content\/uploads\/2017\/01\/header_left.png 384w\" sizes=\"auto, (max-width: 300px) 100vw, 300px\" \/><img loading=\"lazy\" decoding=\"async\" class=\"alignnone size-full wp-image-170\" src=\"http:\/\/wushu-awf.at\/wp-content\/uploads\/2017\/01\/header_right.png\" alt=\"\" width=\"181\" height=\"100\" \/><\/h1>\n<p>als starken Kooperationspartner mit dem Konfuzius Institut an der Universit\u00e4t Wien f\u00f6rdern wir gemeinsam Sprache und Kultur<br \/>\n<img loading=\"lazy\" decoding=\"async\" class=\"alignnone size-full wp-image-338\" src=\"https:\/\/wushu-awf.at\/wp-content\/uploads\/2024\/06\/IMG_4766.webp\" alt=\"\" width=\"180\" height=\"180\" srcset=\"https:\/\/wushu-awf.at\/wp-content\/uploads\/2024\/06\/IMG_4766.webp 180w, https:\/\/wushu-awf.at\/wp-content\/uploads\/2024\/06\/IMG_4766-150x150.webp 150w, https:\/\/wushu-awf.at\/wp-content\/uploads\/2024\/06\/IMG_4766-100x100.webp 100w\" sizes=\"auto, (max-width: 180px) 100vw, 180px\" \/><br \/>\nunsere Kommunikationspartnerin, die uns dabei unterst\u00fctzt Wushu in \u00d6sterreich zu verbreiten<br \/>\n<a href=\"https:\/\/www.chuanmener.world\/\">https:\/\/www.chuanmener.world\/<\/a><\/p>\n<h1>SVA \u2013 Sozialversicherung der gew. Wirtschaft \u2013 Gesundheitshunderter \u2013 <a href=\"http:\/\/esv-sva.sozvers.at\/portal27\/portal\/svaportal\/content\/contentWindow?contentid=10007.751244&amp;action=2\">zur Webseite<\/a><\/h1>\n<p>als Kooperationspartner mit der SVA stellen wir qualifizierte Trainer*innen f\u00fcr ein gesundheitlich orientiertes Taiji Training zur Verf\u00fcgung.<img loading=\"lazy\" decoding=\"async\" class=\"alignnone wp-image-15 size-full\" src=\"http:\/\/192.168.0.1\/wushu-awf\/wp-content\/uploads\/2017\/01\/GH-Logo-RGB-01.png\" width=\"512\" height=\"299\" srcset=\"https:\/\/wushu-awf.at\/wp-content\/uploads\/2017\/01\/GH-Logo-RGB-01.png 512w, https:\/\/wushu-awf.at\/wp-content\/uploads\/2017\/01\/GH-Logo-RGB-01-300x175.png 300w\" sizes=\"auto, (max-width: 512px) 100vw, 512px\" \/><\/p>\n<h1><\/h1>\n","protected":false},"excerpt":{"rendered":"<p>Konfuzius Institut an der Universit\u00e4t Wien als starken Kooperationspartner mit dem Konfuzius Institut an der Universit\u00e4t Wien f\u00f6rdern wir gemeinsam Sprache und Kultur unsere Kommunikationspartnerin, die uns dabei unterst\u00fctzt Wushu in \u00d6sterreich zu verbreiten https:\/\/www.chuanmener.world\/ SVA \u2013 Sozialversicherung der gew. Wirtschaft \u2013 Gesundheitshunderter \u2013 zur Webseite als Kooperationspartner mit der SVA stellen wir qualifizierte Trainer*innen &hellip; <\/p>\n<p class=\"link-more\"><a href=\"https:\/\/wushu-awf.at\/index.php\/kooperationen\/\" class=\"more-link\">Continue reading<span class=\"screen-reader-text\"> &#8220;Kooperationen&#8221;<\/span><\/a><\/p>\n","protected":false},"author":1,"featured_media":0,"parent":0,"menu_order":0,"comment_status":"closed","ping_status":"closed","template":"","meta":{"footnotes":""},"class_list":["post-12","page","type-page","status-publish","hentry"],"_links":{"self":[{"href":"https:\/\/wushu-awf.at\/index.php\/wp-json\/wp\/v2\/pages\/12","targetHints":{"allow":["GET"]}}],"collection":[{"href":"https:\/\/wushu-awf.at\/index.php\/wp-json\/wp\/v2\/pages"}],"about":[{"href":"https:\/\/wushu-awf.at\/index.php\/wp-json\/wp\/v2\/types\/page"}],"author":[{"embeddable":true,"href":"https:\/\/wushu-awf.at\/index.php\/wp-json\/wp\/v2\/users\/1"}],"replies":[{"embeddable":true,"href":"https:\/\/wushu-awf.at\/index.php\/wp-json\/wp\/v2\/comments?post=12"}],"version-history":[{"count":5,"href":"https:\/\/wushu-awf.at\/index.php\/wp-json\/wp\/v2\/pages\/12\/revisions"}],"predecessor-version":[{"id":423,"href":"https:\/\/wushu-awf.at\/index.php\/wp-json\/wp\/v2\/pages\/12\/revisions\/423"}],"wp:attachment":[{"href":"https:\/\/wushu-awf.at\/index.php\/wp-json\/wp\/v2\/media?parent=12"}],"curies":[{"name":"wp","href":"https:\/\/api.w.org\/{rel}","templated":true}]}}