{"id":111,"date":"2017-02-23T08:46:32","date_gmt":"2017-02-23T08:46:32","guid":{"rendered":"http:\/\/wushu-awf.at\/?page_id=111"},"modified":"2017-02-23T08:48:38","modified_gmt":"2017-02-23T08:48:38","slug":"dokumente","status":"publish","type":"page","link":"https:\/\/wushu-awf.at\/index.php\/dokumente\/","title":{"rendered":"Dokumente"},"content":{"rendered":"<p><strong>1) Meisterschaftsformen<\/strong><\/p>\n<p>3. Chang Quan (Langfaust) &amp; Gun Shu (Stock)<\/p>\n<p><iframe loading=\"lazy\" title=\"3rd IWUF Taolu - Chang Quan &amp; Gunshu (Chinese)\" width=\"525\" height=\"394\" src=\"https:\/\/www.youtube.com\/embed\/WhgYVl0HUes?feature=oembed\" frameborder=\"0\" allow=\"accelerometer; autoplay; clipboard-write; encrypted-media; gyroscope; picture-in-picture; web-share\" referrerpolicy=\"strict-origin-when-cross-origin\" allowfullscreen><\/iframe><\/p>\n<p>3. Dao Shu (S\u00e4bel), Jian Shu (Schwert), Qiang Shu (Speer)<\/p>\n<p><iframe loading=\"lazy\" title=\"3rd IWUF Taolu - Daoshu, Jianshu &amp; Qiangshu (Chinese)\" width=\"525\" height=\"394\" src=\"https:\/\/www.youtube.com\/embed\/nDkqsYiTn4U?feature=oembed\" frameborder=\"0\" allow=\"accelerometer; autoplay; clipboard-write; encrypted-media; gyroscope; picture-in-picture; web-share\" referrerpolicy=\"strict-origin-when-cross-origin\" allowfullscreen><\/iframe><\/p>\n<p>3. Nan Quan (S\u00fcdfaust), Nan Dao (S\u00fcds\u00e4bel), Nan Gun (S\u00fcdstock)<\/p>\n<p><iframe loading=\"lazy\" title=\"3rd IWUF Taolu - Nanquan, Nandao &amp; Nangun (Chinese)\" width=\"525\" height=\"394\" src=\"https:\/\/www.youtube.com\/embed\/DCdexCjmmrs?feature=oembed\" frameborder=\"0\" allow=\"accelerometer; autoplay; clipboard-write; encrypted-media; gyroscope; picture-in-picture; web-share\" referrerpolicy=\"strict-origin-when-cross-origin\" allowfullscreen><\/iframe><\/p>\n<p>3. Taiji Quan (Tai Chi), Taiji Jian (Tai Chi Schwert)<\/p>\n<p><iframe loading=\"lazy\" title=\"3rd IWUF Taolu - Taiji Quan &amp; Taiji Jian (Chinese)\" width=\"525\" height=\"394\" src=\"https:\/\/www.youtube.com\/embed\/J3gL2Og2Zag?feature=oembed\" frameborder=\"0\" allow=\"accelerometer; autoplay; clipboard-write; encrypted-media; gyroscope; picture-in-picture; web-share\" referrerpolicy=\"strict-origin-when-cross-origin\" allowfullscreen><\/iframe><\/p>\n<p>2) Musik<\/p>\n<p>3.\u00a0Taiji<\/p>\n<p>A<\/p>\n<p><iframe loading=\"lazy\" title=\"3rd IWUF Compulsory Taijijian Accompanying Music A\" width=\"525\" height=\"394\" src=\"https:\/\/www.youtube.com\/embed\/e3Egg7bcuFU?feature=oembed\" frameborder=\"0\" allow=\"accelerometer; autoplay; clipboard-write; encrypted-media; gyroscope; picture-in-picture; web-share\" referrerpolicy=\"strict-origin-when-cross-origin\" allowfullscreen><\/iframe><\/p>\n<p>&nbsp;<\/p>\n<p>B<\/p>\n<p><iframe loading=\"lazy\" title=\"3rd IWUF Compulsory Taijijian Accompanying Music B\" width=\"525\" height=\"394\" src=\"https:\/\/www.youtube.com\/embed\/wIGG8p0jbMo?feature=oembed\" frameborder=\"0\" allow=\"accelerometer; autoplay; clipboard-write; encrypted-media; gyroscope; picture-in-picture; web-share\" referrerpolicy=\"strict-origin-when-cross-origin\" allowfullscreen><\/iframe><\/p>\n<p>C<\/p>\n<p><iframe loading=\"lazy\" title=\"3rd IWUF Compulsory Taijijian Accompanying Music C\" width=\"525\" height=\"394\" src=\"https:\/\/www.youtube.com\/embed\/5EngCbIDplk?feature=oembed\" frameborder=\"0\" allow=\"accelerometer; autoplay; clipboard-write; encrypted-media; gyroscope; picture-in-picture; web-share\" referrerpolicy=\"strict-origin-when-cross-origin\" allowfullscreen><\/iframe><\/p>\n<p><strong>Basisbewegungen<\/strong><\/p>\n<p><iframe loading=\"lazy\" title=\"Elementary IWUF Wushu Taolu (Routines)\" width=\"525\" height=\"394\" src=\"https:\/\/www.youtube.com\/embed\/grTeX6WtRq8?feature=oembed\" frameborder=\"0\" allow=\"accelerometer; autoplay; clipboard-write; encrypted-media; gyroscope; picture-in-picture; web-share\" referrerpolicy=\"strict-origin-when-cross-origin\" allowfullscreen><\/iframe><\/p>\n","protected":false},"excerpt":{"rendered":"<p>1) Meisterschaftsformen 3. Chang Quan (Langfaust) &amp; Gun Shu (Stock) 3. Dao Shu (S\u00e4bel), Jian Shu (Schwert), Qiang Shu (Speer) 3. Nan Quan (S\u00fcdfaust), Nan Dao (S\u00fcds\u00e4bel), Nan Gun (S\u00fcdstock) 3. Taiji Quan (Tai Chi), Taiji Jian (Tai Chi Schwert) 2) Musik 3.\u00a0Taiji A &nbsp; B C Basisbewegungen<\/p>\n","protected":false},"author":1,"featured_media":0,"parent":0,"menu_order":0,"comment_status":"closed","ping_status":"closed","template":"","meta":{"footnotes":""},"class_list":["post-111","page","type-page","status-publish","hentry"],"_links":{"self":[{"href":"https:\/\/wushu-awf.at\/index.php\/wp-json\/wp\/v2\/pages\/111","targetHints":{"allow":["GET"]}}],"collection":[{"href":"https:\/\/wushu-awf.at\/index.php\/wp-json\/wp\/v2\/pages"}],"about":[{"href":"https:\/\/wushu-awf.at\/index.php\/wp-json\/wp\/v2\/types\/page"}],"author":[{"embeddable":true,"href":"https:\/\/wushu-awf.at\/index.php\/wp-json\/wp\/v2\/users\/1"}],"replies":[{"embeddable":true,"href":"https:\/\/wushu-awf.at\/index.php\/wp-json\/wp\/v2\/comments?post=111"}],"version-history":[{"count":1,"href":"https:\/\/wushu-awf.at\/index.php\/wp-json\/wp\/v2\/pages\/111\/revisions"}],"predecessor-version":[{"id":112,"href":"https:\/\/wushu-awf.at\/index.php\/wp-json\/wp\/v2\/pages\/111\/revisions\/112"}],"wp:attachment":[{"href":"https:\/\/wushu-awf.at\/index.php\/wp-json\/wp\/v2\/media?parent=111"}],"curies":[{"name":"wp","href":"https:\/\/api.w.org\/{rel}","templated":true}]}}