{"id":10,"date":"2017-01-10T00:43:13","date_gmt":"2017-01-10T00:43:13","guid":{"rendered":"http:\/\/192.168.0.1\/wushu-awf\/?page_id=10"},"modified":"2026-04-30T16:47:15","modified_gmt":"2026-04-30T16:47:15","slug":"events","status":"publish","type":"page","link":"https:\/\/wushu-awf.at\/","title":{"rendered":"Events"},"content":{"rendered":"\n<ul class=\"wp-block-list\">\n<li><strong>15. August 2026 &#8211; 22. August 2026 Sommercamp<\/strong><\/li>\n<\/ul>\n\n\n\nSommercamp<br>-Stile werden noch ausgeschrieben<br>mit Professor Meng Tao und  Professor Guan Bo<\/p>\n\n\n\n<p><strong>Ausschreibung folgt<\/strong><\/p>\n\n\n\n<ul class=\"wp-block-list\">\n<li><strong>Wushu Staatsmeisterschaften<\/strong><\/li>\n<\/ul>\n\n\n\n<p><strong>Wushu Staatsmeisterschaften 2026 auf der Schmelz &#8211; Universit\u00e4tssportinstitut<\/strong><\/p>\n\n\n\n<p><br><strong>Datum: <\/strong>Samstag, 16. Mai 2026<br><strong>Ort:<\/strong> Universit\u00e4tssportinstitut Wien, Auf der Schmelz 6a, 1150 Wien<br><strong>Veranstalter: <\/strong>Austrian Wushu Federation (AWF), \u00d6sterreichischer Wushu Verein (OWV)<br><strong>Anmeldung:<\/strong><mark style=\"background-color:rgba(0, 0, 0, 0)\" class=\"has-inline-color has-vivid-red-color\"> verl\u00e4ngert bis  zum 10. Mai 2026<\/mark><br>Online ab 20. M\u00e4rz \u00fcber die Homepage oder per E-Mail an meisterschaft2026@wushu-awf.at<br><strong>Eintritt f\u00fcr Zuschauer: <\/strong>freie Spende<br><br><strong>Zur Ausschreibung: <\/strong><\/p>\n\n\n\n<p><a href=\"https:\/\/wushu-awf.at\/wp-content\/uploads\/2026\/04\/15_OEMWushuAusschreibung2026-1.pdf\" data-type=\"link\" data-id=\"https:\/\/wushu-awf.at\/wp-content\/uploads\/2026\/04\/15_OEMWushuAusschreibung2026.pdf\">Ausschreibung Wushu Meisterschaft 2026<\/a><br><\/p>\n\n\n\n<ul class=\"wp-block-list\">\n<li><strong><strong>Samstag, 21. M\u00e4rz 2026<\/strong> \/ Saturday, March 21 2026<\/strong><\/li>\n<\/ul>\n\n\n\n<p><strong>International Taijiquan Day<\/strong><\/p>\n\n\n\n<p><br><strong>Weitere Informationen<\/strong>:<\/p>\n\n\n\n<p><a href=\"https:\/\/wushu-awf.at\/wp-content\/uploads\/2026\/03\/AWFViennaInternationalTaijiquanDayAnnouncementDE.pdf\" data-type=\"attachment\" data-id=\"397\">Taijiquan-Day announcement letter (DE)<\/a><\/p>\n\n\n\n<p><a href=\"https:\/\/wushu-awf.at\/wp-content\/uploads\/2026\/03\/AWFViennaInternationalTaijiquanDayAnnouncementEN-1.pdf\" data-type=\"attachment\" data-id=\"396\">Taijiquan-Day announcement letter (EN)<\/a><\/p>\n\n\n\n<p><br><strong>Event Website:<\/strong> <a href=\"http:\/\/www.internationaltaijiquanday.org\" data-type=\"link\" data-id=\"www.internationaltaijiquanday.org\">www.internationaltaijiquanday.org<\/a> (ongoing updates)<\/p>\n\n\n\n<div class=\"wp-block-group is-nowrap is-layout-flex wp-container-core-group-is-layout-ad2f72ca wp-block-group-is-layout-flex\">\n<p><br>    <\/p>\n\n\n\n<p><\/p>\n\n\n\n<p><\/p>\n<\/div>\n\n\n\n<ul class=\"wp-block-list\">\n<li><strong>16. August 2025 &#8211; 23. August 2025<br><\/strong>Sommercamp &#8211; Sanda, Taiji, Fanziquan, Tanglangquan<br>mit Professor Meng Tao, Professor Sun Yuan, Professor Mao Di<\/li>\n<\/ul>\n\n\n\n<p>Zur Ausschreibung: <a href=\"https:\/\/wushu-awf.at\/wp-content\/uploads\/2025\/03\/6_AWF_Sommerlager-2025_DE.pdf\" data-type=\"attachment\" data-id=\"357\">Ausschreibung Wushu Sommerlager 2025<\/a><\/p>\n\n\n\n<ul class=\"wp-block-list\">\n<li>Samstag <strong>17. Mai 2025<\/strong><br><img loading=\"lazy\" decoding=\"async\" width=\"800\" height=\"395\" class=\"wp-image-360\" style=\"width: 800px;\" src=\"https:\/\/wushu-awf.at\/wp-content\/uploads\/2025\/03\/MS2025.jpeg\" alt=\"\" srcset=\"https:\/\/wushu-awf.at\/wp-content\/uploads\/2025\/03\/MS2025.jpeg 1497w, https:\/\/wushu-awf.at\/wp-content\/uploads\/2025\/03\/MS2025-300x148.jpeg 300w, https:\/\/wushu-awf.at\/wp-content\/uploads\/2025\/03\/MS2025-1024x506.jpeg 1024w, https:\/\/wushu-awf.at\/wp-content\/uploads\/2025\/03\/MS2025-768x379.jpeg 768w\" sizes=\"auto, (max-width: 767px) 89vw, (max-width: 1000px) 54vw, (max-width: 1071px) 543px, 580px\" \/><strong><br><\/strong>Wushu Staatsmeisterschaften 2025 auf der Schmelz &#8211; Universit\u00e4tssportinstitut<br><strong>Datum: <\/strong>Samstag, 17. Mai 2025<br><strong>Ort:<\/strong> Universit\u00e4tssportinstitut Wien, Auf der Schmelz 6a, 1150 Wien<br><strong>Veranstalter: <\/strong>Austrian Wushu Federation (AWF), \u00d6sterreichischer Wushu Verein (OWV)<br><strong>Anmeldung:<\/strong> bis 30. April 2025<br>Online ab 20. M\u00e4rz \u00fcber die Homepage oder per E-Mail an meisterschaft2025@wushu-awf.at<br><strong>Eintritt f\u00fcr Zuschauer: <\/strong>freie Spende<br><br><strong>Zur Ausschreibung:<\/strong> <a href=\"https:\/\/wushu-awf.at\/wp-content\/uploads\/2025\/03\/14_OEMWushuAusschreibung2025.pdf\" data-type=\"attachment\" data-id=\"354\">Ausschreibung Wushu Meisterschaft 2025<\/a><br><\/li>\n\n\n\n<li><strong>25.J\u00e4nner &#8211; 29. M\u00e4rz 2025<\/strong><br>Trainingsprogramm f\u00fcr Jugendliche: Ji Programm in Theorie und Praxis<\/li>\n\n\n\n<li><strong>10. J\u00e4nner &#8211; 12. J\u00e4nner 2025<\/strong><br><strong>Taiji Schwert und Ba Gua Zhang Seminar mit Prof. Dr. Meng Tao (8. Duan)<\/strong><br>10. J\u00e4nner 18:00 &#8211; 20:30 Taiji Schwert &#8211; Stromstra\u00dfe 44, 1200 Wien (Eingang Durchlaufstra\u00dfe)<br>11. J\u00e4nner 10:00 &#8211; 13:00 Taiji Schwert + Bagua Zhang &#8211; Pfeilgasse 42, 1080 Wien<br>12. J\u00e4nner 10:00 &#8211; 13:00 Taiji Schwert + Bagua Zhang &#8211; Pfeilgasse 42, 1080 Wien<br><br>Preis:<\/li>\n\n\n\n<li>250\u20ac f\u00fcr Nicht-Verbandsmitglieder<\/li>\n\n\n\n<li>150\u20ac f\u00fcr Verbandsmitglieder<\/li>\n\n\n\n<li>80\u20ac f\u00fcr Verbandsmitglieder die Sch\u00fcler oder Studenten sind<\/li>\n<\/ul>\n\n\n<ul>\n<li>\n<h1><strong>13. Juli &#8211; 20. Juli 2024<\/strong> &#8211; <strong>5. Sommerlager 2024 &amp; Duan Pr\u00fcfungen &#8211; Mauterndorf<\/strong> <img loading=\"lazy\" decoding=\"async\" class=\"alignnone  wp-image-331\" src=\"https:\/\/wushu-awf.at\/wp-content\/uploads\/2024\/06\/sommerlager.png\" alt=\"\" width=\"752\" height=\"521\" srcset=\"https:\/\/wushu-awf.at\/wp-content\/uploads\/2024\/06\/sommerlager.png 752w, https:\/\/wushu-awf.at\/wp-content\/uploads\/2024\/06\/sommerlager-300x208.png 300w\" sizes=\"auto, (max-width: 706px) 89vw, (max-width: 767px) 82vw, 740px\" \/><\/h1>\n<\/li>\n<li>Programm: Sanda, Taiji, Qi Gong, Xing Yi, Ba Gua, Jian Shu (Schwert), Chang Quan, Bing Qi Dao\n<ul>\n<li>Prof Meng Tao<\/li>\n<li>Prof Sun Yuan<\/li>\n<li>Tang Jin<\/li>\n<li>Ayman Hosseameldin<\/li>\n<\/ul>\n<ul>\n<li style=\"list-style-type: none;\">\n<ul>\n<li>Hier zur Ausschreibung:\n<ul>\n<li>Deutsch: <a href=\"https:\/\/wushu-awf.at\/wp-content\/uploads\/2024\/06\/5_AWF_Sommerlager-2024_DE-2.pdf\">5_AWF_Sommerlager 2024_DE<\/a><\/li>\n<li>Englisch: <a href=\"https:\/\/wushu-awf.at\/wp-content\/uploads\/2024\/06\/5_AWF_Sommerlager-2024_Austrian-Wushu-Summer-Camp-EN.pdf\">5_AWF_Sommerlager 2024_Austrian Wushu Summer Camp EN<\/a><\/li>\n<li>Chinesisch: <a href=\"https:\/\/wushu-awf.at\/wp-content\/uploads\/2024\/06\/5_\u5965\u5730\u5229\u6b66\u672f\u8054\u5408\u4f1a\u590f\u8bad\u8425AWF_Sommerlager-2024_CN\u4e2d\u6587.pdf\">5_\u5965\u5730\u5229\u6b66\u672f\u8054\u5408\u4f1a\u590f\u8bad\u8425AWF_Sommerlager 2024_CN\u4e2d\u6587<\/a><\/li>\n<\/ul>\n<\/li>\n<li>Hier zum Facebook Event: https:\/\/www.facebook.com\/events\/993449165492294\/<\/li>\n<\/ul>\n<\/li>\n<\/ul>\n<\/li>\n<li><strong>8. Juni 2024 <\/strong>&#8211; 13. \u00f6sterreichische Wushu Meisterschaft 2024<img loading=\"lazy\" decoding=\"async\" class=\"alignnone size-full wp-image-321\" src=\"https:\/\/wushu-awf.at\/wp-content\/uploads\/2024\/03\/WushuMeisterschaft2024.jpg\" alt=\"\" width=\"800\" height=\"333\" srcset=\"https:\/\/wushu-awf.at\/wp-content\/uploads\/2024\/03\/WushuMeisterschaft2024.jpg 800w, https:\/\/wushu-awf.at\/wp-content\/uploads\/2024\/03\/WushuMeisterschaft2024-300x125.jpg 300w, https:\/\/wushu-awf.at\/wp-content\/uploads\/2024\/03\/WushuMeisterschaft2024-768x320.jpg 768w\" sizes=\"auto, (max-width: 767px) 89vw, (max-width: 1000px) 54vw, (max-width: 1071px) 543px, 580px\" \/>\n<ul>\n<li>Austrian International Wushu Culture Festival 2024 (Wushu Open) &#8211; auf der Schmelz<\/li>\n<li>zur Ausschreibung: <a href=\"https:\/\/wushu-awf.at\/wp-content\/uploads\/2024\/03\/13_OEMWushuAusschreibung2024.pdf\">13_OEMWushuAusschreibung2024<\/a><\/li>\n<\/ul>\n<\/li>\n<li><strong>26.8.2023 &#8211; 1.9.2023: 4. Sommerlager 2023<\/strong>\n<ul>\n<li>Tang Jin: Kinder Training, Bing Qi Dao<\/li>\n<li>Prof. Meng Tao: Taiji, Xing Yi, Ba Gua<\/li>\n<li>Prof. Qi Wen Wen: Sanda, Qiang Shu<\/li>\n<\/ul>\n<\/li>\n<\/ul>\n<p><img loading=\"lazy\" decoding=\"async\" class=\"alignnone size-full wp-image-316\" src=\"https:\/\/wushu-awf.at\/wp-content\/uploads\/2023\/06\/Screenshot-2023-06-02-at-14.03.27.png\" alt=\"\" width=\"1140\" height=\"1023\" srcset=\"https:\/\/wushu-awf.at\/wp-content\/uploads\/2023\/06\/Screenshot-2023-06-02-at-14.03.27.png 1140w, https:\/\/wushu-awf.at\/wp-content\/uploads\/2023\/06\/Screenshot-2023-06-02-at-14.03.27-300x269.png 300w, https:\/\/wushu-awf.at\/wp-content\/uploads\/2023\/06\/Screenshot-2023-06-02-at-14.03.27-1024x919.png 1024w, https:\/\/wushu-awf.at\/wp-content\/uploads\/2023\/06\/Screenshot-2023-06-02-at-14.03.27-768x689.png 768w\" sizes=\"auto, (max-width: 767px) 89vw, (max-width: 1000px) 54vw, (max-width: 1071px) 543px, 580px\" \/><\/p>\n<p><strong>Hier zu den Ausschreibungen:<\/strong><br \/>\nEnglish: <a href=\"https:\/\/wushu-awf.at\/wp-content\/uploads\/2023\/06\/4th-Summer-Camp-2023.pdf\">4th Summer Camp 2023<\/a><br \/>\nDeutsch: <a href=\"https:\/\/wushu-awf.at\/wp-content\/uploads\/2023\/06\/4_AWF_Sommerlager-2023_DE.pdf\">4_AWF_Sommerlager 2023_DE<\/a><\/p>\n<ul>\n<li><strong>Juni 2023<\/strong> &#8211; Wochenendlehrgang L\u00f6wentanz und Kung Fu + Sanda &#8211; Weitere Infos folgen!<\/li>\n<li><strong>20. Mai 2023<\/strong> &#8211; 12. \u00f6sterreichische Wushu Meister 2023 &#8211; auf der Schmelz\n<ul>\n<li>zur Ausschreibung: <a href=\"https:\/\/wushu-awf.at\/wp-content\/uploads\/2023\/04\/12_OEMWushuAusschreibung2023.pdf\">12_OEMWushuAusschreibung2023<\/a><\/li>\n<\/ul>\n<\/li>\n<\/ul>\n<ul>\n<li><strong>4. Sommerlager 2020<\/strong> &#8211; verschoben auf 2023<\/li>\n<li><strong>23. Mai 2020<\/strong>\u00a0&#8211; 12. \u00f6sterreichische Wushu Meisterschaft 2020 &#8211; auf der Schmelz\n<ul>\n<li><span style=\"color: #ff0000;\">-&gt; verschoben vorraussichtlich auf Oktober 2020<\/span><\/li>\n<\/ul>\n<\/li>\n<\/ul>\n<ul>\n<li><b>4. Mai 2019 &#8211; 11. \u00f6sterreichische Wushu Meisterschaft 2019<\/b><\/li>\n<\/ul>\n<p><a href=\"https:\/\/wushu-awf.at\/wp-content\/uploads\/2017\/01\/51447922_375032623228105_4537755238827819008_n.gif\"><img loading=\"lazy\" decoding=\"async\" class=\"alignnone\" src=\"https:\/\/wushu-awf.at\/wp-content\/uploads\/2017\/01\/51447922_375032623228105_4537755238827819008_n.gif\" alt=\"\" width=\"851\" height=\"315\" \/><\/a><\/p>\n<p><a href=\"https:\/\/wushu-awf.at\/wp-content\/uploads\/2019\/03\/OEMWushuAusschreibung2019.pdf\">Zur Ausschreibung &#8211; OEMWushuAusschreibung2019<\/a><\/p>\n<ul>\n<li><strong>17. August &#8211; 23. August 2019 &#8211; 3. Sommerlager 2019<\/strong><br \/>\n(Chang Quan, Taiji, XingYi, BaGua, Sanda) + Duan Pr\u00fcfungen<\/li>\n<\/ul>\n<p>Ausschreibung:<\/p>\n<p>Deutsch:\u00a0<a href=\"https:\/\/wushu-awf.at\/wp-content\/uploads\/2017\/01\/3rd_AWF_Sommerlager-2019_DE.pdf\">3rd_AWF_Sommerlager 2019_DE<\/a><br \/>\nEnglish:\u00a0<a href=\"https:\/\/wushu-awf.at\/wp-content\/uploads\/2017\/01\/3rd-Austrian-Wushu-Federation-Summer-Camp-2019.pdf\">3rd_AWF_Sommerlager 2019_EN<\/a><\/p>\n<p><strong><a href=\"http:\/\/www.wushu-awf.at\/index.php\/event-archiv\/\">Event Archiv<\/a><\/strong><\/p>","protected":false},"excerpt":{"rendered":"<p>Sommercamp-Stile werden noch ausgeschriebenmit Professor Meng Tao und Professor Guan Bo Ausschreibung folgt Wushu Staatsmeisterschaften 2026 auf der Schmelz &#8211; Universit\u00e4tssportinstitut Datum: Samstag, 16. Mai 2026Ort: Universit\u00e4tssportinstitut Wien, Auf der Schmelz 6a, 1150 WienVeranstalter: Austrian Wushu Federation (AWF), \u00d6sterreichischer Wushu Verein (OWV)Anmeldung: verl\u00e4ngert bis zum 10. Mai 2026Online ab 20. M\u00e4rz \u00fcber die Homepage oder &hellip; <\/p>\n<p class=\"link-more\"><a href=\"https:\/\/wushu-awf.at\/\" class=\"more-link\">Continue reading<span class=\"screen-reader-text\"> &#8220;Events&#8221;<\/span><\/a><\/p>\n","protected":false},"author":1,"featured_media":0,"parent":0,"menu_order":0,"comment_status":"closed","ping_status":"closed","template":"","meta":{"footnotes":""},"class_list":["post-10","page","type-page","status-publish","hentry"],"_links":{"self":[{"href":"https:\/\/wushu-awf.at\/index.php\/wp-json\/wp\/v2\/pages\/10","targetHints":{"allow":["GET"]}}],"collection":[{"href":"https:\/\/wushu-awf.at\/index.php\/wp-json\/wp\/v2\/pages"}],"about":[{"href":"https:\/\/wushu-awf.at\/index.php\/wp-json\/wp\/v2\/types\/page"}],"author":[{"embeddable":true,"href":"https:\/\/wushu-awf.at\/index.php\/wp-json\/wp\/v2\/users\/1"}],"replies":[{"embeddable":true,"href":"https:\/\/wushu-awf.at\/index.php\/wp-json\/wp\/v2\/comments?post=10"}],"version-history":[{"count":127,"href":"https:\/\/wushu-awf.at\/index.php\/wp-json\/wp\/v2\/pages\/10\/revisions"}],"predecessor-version":[{"id":490,"href":"https:\/\/wushu-awf.at\/index.php\/wp-json\/wp\/v2\/pages\/10\/revisions\/490"}],"wp:attachment":[{"href":"https:\/\/wushu-awf.at\/index.php\/wp-json\/wp\/v2\/media?parent=10"}],"curies":[{"name":"wp","href":"https:\/\/api.w.org\/{rel}","templated":true}]}}